{"id":122,"date":"2020-12-18T13:38:16","date_gmt":"2020-12-18T13:38:16","guid":{"rendered":"http:\/\/www.veterina-live.eu\/?page_id=122"},"modified":"2025-01-23T10:49:31","modified_gmt":"2025-01-23T09:49:31","slug":"nas-tym","status":"publish","type":"page","link":"https:\/\/www.veterina-live.eu\/index.php\/nas-tym\/","title":{"rendered":"N\u00e1\u0161 t\u00fdm"},"content":{"rendered":"\n<p><strong>L\u00e9ka\u0159i<\/strong><\/p>\n\n\n\n<p>MVDr. Ji\u0159\u00ed Vom\u00e1\u010dka <\/p>\n\n\n<div class=\"wp-block-image\">\n<figure class=\"alignleft size-large is-resized\"><img loading=\"lazy\" src=\"http:\/\/www.veterina-live.eu\/wp-content\/uploads\/2020\/12\/JV-1024x685.jpg\" alt=\"\" class=\"wp-image-323\" width=\"179\" height=\"119\" srcset=\"https:\/\/www.veterina-live.eu\/wp-content\/uploads\/2020\/12\/JV-1024x685.jpg 1024w, https:\/\/www.veterina-live.eu\/wp-content\/uploads\/2020\/12\/JV-300x201.jpg 300w, https:\/\/www.veterina-live.eu\/wp-content\/uploads\/2020\/12\/JV-768x514.jpg 768w, https:\/\/www.veterina-live.eu\/wp-content\/uploads\/2020\/12\/JV-1536x1028.jpg 1536w, https:\/\/www.veterina-live.eu\/wp-content\/uploads\/2020\/12\/JV-90x60.jpg 90w, https:\/\/www.veterina-live.eu\/wp-content\/uploads\/2020\/12\/JV.jpg 1600w\" sizes=\"(max-width: 179px) 100vw, 179px\" \/><\/figure><\/div>\n\n\n<p><font size=\"-1\">&#8211; vzd\u011bl\u00e1n\u00ed: Vysok\u00e1 \u0161kola veterin\u00e1rn\u00ed v Brn\u011b (dnes VFU)<br>&#8211; promoce: 1987<br>&#8211; specializace: d\u011bdi\u010dn\u00e9 choroby pohyb. apar\u00e1tu, zubn\u00ed l\u00e9ka\u0159stv\u00ed<br>&#8211; profesn\u00ed organizace: KVL<sup>*<\/sup>, \u010cAVLMZ<sup>**<\/sup><\/font><\/p>\n\n\n\n<p>MVDr. Eva \u0160tolcov\u00e1 <br><font size=\"-1\">&nbsp;&nbsp;&nbsp;&#8211; vzd\u011bl\u00e1n\u00ed: Vysok\u00e1 \u0161kola veterin\u00e1rn\u00ed v Brn\u011b (dnes VFU)<br>&nbsp;&nbsp;&nbsp;&#8211; promoce: 1991<br>&nbsp;&nbsp;&nbsp;&#8211; specializace: chirurgie m\u011bkk\u00fdch tk\u00e1n\u00ed<br>&nbsp;&nbsp;&nbsp;&#8211; profesn\u00ed organizace: KVL<sup>*<\/sup>, \u010cAVLMZ<sup>**<\/sup><\/font><\/p>\n\n\n\n<p>MVDr. Martina Bobov\u010d\u00e1kov\u00e1 <br><font size=\"-1\">&nbsp;&nbsp;&nbsp;&#8211; vzd\u011bl\u00e1n\u00ed: Univerzita veterin\u00e1rskeho lek\u00e1rstva a farm\u00e1cie v Ko\u0161iciach<br>&nbsp;&nbsp;&nbsp;&#8211; promoce: 2006<br>&nbsp;&nbsp;&nbsp;&#8211; specializace: kardiologie, intern\u00ed medic\u00edna<br>&nbsp;&nbsp;&nbsp;&#8211; profesn\u00ed organizace: KVL<sup>*<\/sup>, \u010cAVLMZ<sup>**<\/sup><\/font><\/p>\n\n\n\n<p>MVDr. Adam Vom\u00e1\u010dka <br><font size=\"-1\">&nbsp;&nbsp;&nbsp;&#8211; vzd\u011bl\u00e1n\u00ed: Veterin\u00e1rn\u00ed a farmaceutick\u00e1 univerzita v Brn\u011b<br>&nbsp;&nbsp;&nbsp;&#8211; promoce: 2019<br>&nbsp;&nbsp;&nbsp;&#8211; specializace: ortopedie, chirurgie<br>&nbsp;&nbsp;&nbsp;&#8211; profesn\u00ed organizace: KVL<sup>*<\/sup>, \u010cAVLMZ<sup>**<\/sup><\/font><\/p>\n\n\n\n<p>MVDr. Martina Pech\u00e1\u010dov\u00e1<br><font size=\"-1\">\u00a0\u00a0\u00a0&#8211; vzd\u011bl\u00e1n\u00ed: Veterin\u00e1rn\u00ed a farmaceutick\u00e1 univerzita v Brn\u011b<br>\u00a0\u00a0\u00a0&#8211; promoce: 2020<br>\u00a0\u00a0\u00a0&#8211; specializace: intern\u00ed medic\u00edna<br>\u00a0\u00a0\u00a0&#8211; profesn\u00ed organizace: KVL<sup>*<\/sup>, \u010cAVLMZ<sup>**<\/sup><\/font><\/p>\n\n\n\n<p>MVDr. Martina Flori\u00e1nov\u00e1<\/p>\n\n\n\n<p>MVDr. Petra Kub\u00ednkov\u00e1 <br><font size=\"-1\">\u00a0\u00a0\u00a0&#8211; vzd\u011bl\u00e1n\u00ed: Vysok\u00e1 \u0161kola veterin\u00e1rn\u00ed v Brn\u011b (dnes VFU)<br>\u00a0\u00a0\u00a0&#8211; specializace: intern\u00ed medic\u00edna<br>\u00a0\u00a0\u00a0&#8211; profesn\u00ed organizace: KVL<sup>*<\/sup>, \u010cAVLMZ<sup>**<\/sup><\/font><\/p>\n\n\n\n<p>MVDr. Zuzana Sta\u0148kov\u00e1<\/p>\n\n\n\n<p>MVDr. Eva Petreck\u00e1<\/p>\n\n\n\n<p>MVDr. Barbora Frajdlov\u00e1 (Sl\u00e1vikov\u00e1) (na mate\u0159sk\u00e9 dovolen\u00e9)<br><font size=\"-1\">&nbsp;&nbsp;&nbsp;&#8211; vzd\u011bl\u00e1n\u00ed: Univerzita veterin\u00e1rskeho lek\u00e1rstva a farm\u00e1cie v Ko\u0161iciach<br>&nbsp;&nbsp;&nbsp;&#8211; promoce: 2016<br>&nbsp;&nbsp;&nbsp;&#8211; specializace: intern\u00ed medic\u00edna hl. ko\u010dky, drobn\u00ed savci<br>&nbsp;&nbsp;&nbsp;&#8211; profesn\u00ed organizace: KVL<sup>*<\/sup>, \u010cAVLMZ<sup>**<\/sup><\/font><\/p>\n\n\n\n<p>MVDr. Natalie Terberov\u00e1 -na mate\u0159sk\u00e9 dovolen\u00e9<\/p>\n\n\n\n<p><font size=\"-1\">\u00a0\u00a0&#8211; vzd\u011bl\u00e1n\u00ed: Veterin\u00e1rn\u00ed a farmaceutick\u00e1 univerzita v Brn\u011b<br>\u00a0\u00a0\u00a0&#8211; promoce: 2021<br>\u00a0\u00a0\u00a0&#8211; specializace: intern\u00ed medic\u00edna<\/font><\/p>\n\n\n\n<p><\/p>\n\n\n\n<p><strong>Sestry<\/strong><\/p>\n\n\n\n<p>Ing. Agnieszka Bunczuk  (mana\u017eer kliniky)<\/p>\n\n\n\n<p>Eva Kmon\u00ed\u010dkov\u00e1  (vrchn\u00ed sestra)<\/p>\n\n\n\n<p>Jana Nov\u00e1kov\u00e1- s\u00e1l, recepce, ordinace<\/p>\n\n\n\n<p>Michaela Vo\u0159\u00ed\u0161kov\u00e1-s\u00e1l, recepce, ordinace<\/p>\n\n\n\n<p>Radka Zikmundov\u00e1- ordinace, recepce<\/p>\n\n\n\n<p>Karina Fridrichov\u00e1- ordinace<\/p>\n\n\n\n<p>Kate\u0159ina J\u00edrov\u00e1- ordinace<\/p>\n\n\n\n<p>Ane\u017eka Petrusov\u00e1- ordinace<\/p>\n\n\n\n<p>Marie \u010cejkov\u00e1- ordinace<\/p>\n\n\n\n<p>Kl\u00e1ra Jurn\u00ed\u010dkov\u00e1- ordinace<\/p>\n\n\n\n<p>Martina Jaro\u0161ov\u00e1- instrument\u00e1\u0159ka<\/p>\n\n\n\n<p>Ing. Barbara \u010cern\u00e1- ordinace<\/p>\n\n\n\n<p> Helena  Rothov\u00e1-ordinace-mate\u0159sk\u00e1 dovolen\u00e1<\/p>\n\n\n\n<p>Ing. Nikola Ekrtov\u00e1-ordinace- mate\u0159sk\u00e1 dovolen\u00e1<\/p>\n\n\n\n<p><\/p>\n\n\n\n<p><font size=\"-1\">* <strong>KVL<\/strong> &#8211; Komora veterin\u00e1rn\u00edch l\u00e9ka\u0159\u016f<br>** <strong>\u010cAVLMZ<\/strong> &#8211; \u010cesk\u00e1 asociace veterin\u00e1rn\u00edch l\u00e9ka\u0159\u016f mal\u00fdch zv\u00ed\u0159at<\/font><\/p>\n","protected":false},"excerpt":{"rendered":"<p>L\u00e9ka\u0159i MVDr. Ji\u0159\u00ed Vom\u00e1\u010dka &#8211; vzd\u011bl\u00e1n\u00ed: Vysok\u00e1 \u0161kola veterin\u00e1rn\u00ed v Brn\u011b (dnes VFU)&#8211; promoce: 1987&#8211; specializace: d\u011bdi\u010dn\u00e9 choroby pohyb. apar\u00e1tu, zubn\u00ed l\u00e9ka\u0159stv\u00ed&#8211; profesn\u00ed organizace: KVL*, \u010cAVLMZ** MVDr. Eva \u0160tolcov\u00e1 &nbsp;&nbsp;&nbsp;&#8211; vzd\u011bl\u00e1n\u00ed: Vysok\u00e1 \u0161kola veterin\u00e1rn\u00ed v Brn\u011b (dnes VFU)&nbsp;&nbsp;&nbsp;&#8211; promoce: 1991&nbsp;&nbsp;&nbsp;&#8211; specializace: chirurgie m\u011bkk\u00fdch tk\u00e1n\u00ed&nbsp;&nbsp;&nbsp;&#8211; profesn\u00ed &hellip; <\/p>\n","protected":false},"author":1,"featured_media":0,"parent":0,"menu_order":0,"comment_status":"closed","ping_status":"closed","template":"","meta":[],"_links":{"self":[{"href":"https:\/\/www.veterina-live.eu\/index.php\/wp-json\/wp\/v2\/pages\/122"}],"collection":[{"href":"https:\/\/www.veterina-live.eu\/index.php\/wp-json\/wp\/v2\/pages"}],"about":[{"href":"https:\/\/www.veterina-live.eu\/index.php\/wp-json\/wp\/v2\/types\/page"}],"author":[{"embeddable":true,"href":"https:\/\/www.veterina-live.eu\/index.php\/wp-json\/wp\/v2\/users\/1"}],"replies":[{"embeddable":true,"href":"https:\/\/www.veterina-live.eu\/index.php\/wp-json\/wp\/v2\/comments?post=122"}],"version-history":[{"count":18,"href":"https:\/\/www.veterina-live.eu\/index.php\/wp-json\/wp\/v2\/pages\/122\/revisions"}],"predecessor-version":[{"id":500,"href":"https:\/\/www.veterina-live.eu\/index.php\/wp-json\/wp\/v2\/pages\/122\/revisions\/500"}],"wp:attachment":[{"href":"https:\/\/www.veterina-live.eu\/index.php\/wp-json\/wp\/v2\/media?parent=122"}],"curies":[{"name":"wp","href":"https:\/\/api.w.org\/{rel}","templated":true}]}}