{"id":123,"date":"2020-12-18T13:38:16","date_gmt":"2020-12-18T13:38:16","guid":{"rendered":"http:\/\/www.veterina-live.eu\/?page_id=123"},"modified":"2025-02-06T12:02:41","modified_gmt":"2025-02-06T11:02:41","slug":"informace-pro-pacienty","status":"publish","type":"page","link":"https:\/\/www.veterina-live.eu\/index.php\/informace-pro-pacienty\/","title":{"rendered":"Informace pro pacienty"},"content":{"rendered":"\n<div class=\"wp-container-1 wp-block-group\"><div class=\"wp-block-group__inner-container\">\n<p><h3 id=\"ord_hodiny\"><strong>O\u0161et\u0159en\u00ed v ordina\u010dn\u00edch hodin\u00e1ch<\/strong><\/h3><\/p>\n\n\n\n<p><strong>V\u0161ichni pacienti<\/strong> kte\u0159\u00ed k n\u00e1m p\u0159ich\u00e1zej\u00ed na o\u0161et\u0159en\u00ed <strong>mus\u00ed b\u00fdt p\u0159edem objedn\u00e1ni<\/strong>. Cht\u011bli bychom p\u0159izp\u016fsobit mno\u017estv\u00ed pacient\u016f mo\u017enostem na\u0161ich l\u00e9ka\u0159\u016f a zejm\u00e9na zkr\u00e1tit dobu va\u0161eho \u010dek\u00e1n\u00ed. <strong>Ne\u017e k n\u00e1m <\/strong>tedy<strong> vyraz\u00edte<\/strong>, v\u017edy nejd\u0159\u00edve <strong>zavolejte na recepci<\/strong>. Na\u0161e recep\u010dn\u00ed se v\u00e1m ur\u010dit\u011b pokus\u00ed vyj\u00edt vst\u0159\u00edc jak nejl\u00e9pe to p\u016fjde. V\u011b\u0159te, \u017ee n\u00e1m t\u00edm usnadn\u00edte pr\u00e1ci a pom\u016f\u017eete pom\u00e1hat Va\u0161im zv\u00ed\u0159at\u016fm jak nejl\u00e9pe to jde.<br><br>D\u011bkujeme za pochopen\u00ed.<\/p>\n\n\n\n<p><h3 id=\"pohotovost\"><strong>O\u0161et\u0159en\u00ed o pohotovosti, v\u00edkendech a  sv\u00e1tc\u00edch<\/strong><\/h3><\/p>\n\n\n\n<p><strong>Vy\u0161et\u0159en\u00ed o pohotovosti<\/strong> (mimo ordina\u010dn\u00ed hodiny) je ur\u010deno prim\u00e1rn\u011b <strong>akutn\u00edm pacient\u016fm<\/strong>. V\u00edkendov\u00e9 ordina\u010dn\u00ed hodiny pak nav\u00edc je\u0161t\u011b nezbytn\u00fdm kontrol\u00e1m. V dob\u011b pohotovosti je p\u0159\u00edtomen <strong>pouze jeden l\u00e9ka\u0159 a jedna sestra<\/strong>, proto pros\u00edme zva\u017ete, jestli je o\u0161et\u0159en\u00ed Va\u0161eho zv\u00ed\u0159ete skute\u010dn\u011b urgentn\u00ed a p\u0159\u00edpadn\u011b jej odlo\u017ete na b\u011b\u017en\u00e9 ordina\u010dn\u00ed hodiny. Pom\u016f\u017eete tak zajistit, abychom, pokud nastane situace, kdy bude Va\u0161e zv\u00ed\u0159e opravdu pot\u0159ebovat akutn\u00ed o\u0161et\u0159en\u00ed, na n\u011bj m\u011bli dostatek \u010dasu.<br>Podobn\u011b jako u o\u0161et\u0159en\u00ed v ordina\u010dn\u00edch hodin\u00e1ch pros\u00edm volejte je\u0161t\u011b p\u0159ed t\u00edm, ne\u017e k n\u00e1m vyraz\u00edte.<br><br>D\u011bkujeme za pochopen\u00ed.<\/p>\n\n\n\n<p><h3 id=\"ref\"><strong>Pacienti referovan\u00ed jin\u00fdm veterin\u00e1rn\u00edm l\u00e9ka\u0159em<\/strong><\/h3><\/p>\n\n\n\n<p>Pokud V\u00e1s na na\u0161e pracovi\u0161t\u011b odeslal jin\u00fd veterin\u00e1rn\u00ed l\u00e9ka\u0159 a to jak ke specializovan\u00e9mu vy\u0161et\u0159en\u00ed, tak k chirurgick\u00e9mu z\u00e1kroku, je <strong>nezbytn\u00e9 n\u00e1m p\u0159edem zavolat<\/strong>. A to i v p\u0159\u00edpad\u011b <strong>urgent\u00edho<\/strong> vy\u0161et\u0159en\u00ed \u010di z\u00e1kroku.<br>L\u00e9ka\u0159e, kter\u00fd V\u00e1s k n\u00e1m odeslal, po\u017e\u00e1dejte o vyd\u00e1n\u00ed <strong>l\u00e9ka\u0159sk\u00e9 zpr\u00e1vy<\/strong>. Ta by krom\u011b d\u016fvodu odesl\u00e1n\u00ed m\u011bla obsahovat zejm\u00e9na informace o podan\u00fdch l\u00e9c\u00edch, laboratorn\u00edch vy\u0161et\u0159en\u00edch, RTG sn\u00edmc\u00edch, sonografick\u00e9m vy\u0161et\u0159en\u00ed a podobn\u011b. Zpr\u00e1vu lze zaslat i na e-mail <em>live@veterina-live.cz<\/em>, m\u011bla by v\u0161ak dorazit d\u0159\u00edve ne\u017e Va\u0161e zv\u00ed\u0159e za\u010dneme vy\u0161et\u0159ovat.<\/p>\n<\/div><\/div>\n\n\n\n<p><h3 id=\"dkk\"><strong>Informace k vy\u0161et\u0159en\u00ed DKK, DLK, OCD, LTV, spondylartr\u00f3zy a luxace pately<\/strong><\/h3><\/p>\n\n\n\n<p>Pokud se k n\u00e1m chyst\u00e1te na vy\u0161et\u0159en\u00ed dysplazie ky\u010deln\u00edho kloubu (DKK), dysplazie loketn\u00edho kloubu (DLK), oseochondr\u00f3zy (OCD) nebo d\u011bdi\u010dn\u00fdch onemocn\u011bn\u00ed p\u00e1te\u0159e (LTV), m\u011bli byste v\u011bd\u011bt, \u017ee tato <strong>vy\u0161et\u0159en\u00ed se prov\u00e1d\u011bj\u00ed v sedaci<\/strong>, a je tedy nezbytn\u00e9 aby zv\u00ed\u0159e bylo klinicky zdrav\u00e9 a dostalo <strong>p\u0159edem nejm\u00e9n\u011b 12 hodinovou hladovku<\/strong>. V p\u0159\u00edpad\u011b vy\u0161et\u0159en\u00ed LTV je nutn\u00e1 hladovka 24 hodin!!!! Vodu mu m\u016f\u017eete ponechat.<br>Vy\u0161et\u0159en\u00ed kolen na medi\u00e1ln\u00ed luxaci pately (MPL) se prov\u00e1d\u00ed bez sedace a hladovka proto nen\u00ed nutn\u00e1.<br><strong>U v\u0161ech ofici\u00e1ln\u00edch vy\u0161et\u0159en\u00ed nutn\u00fdch k uchovn\u011bn\u00ed zv\u00ed\u0159ete je nezbytn\u00e9 vz\u00edt sebou origin\u00e1l pr\u016fkazu p\u016fvodu.<\/strong> <strong>Doporu\u010dujeme<\/strong> poslat <strong>P\u0158EDEM<\/strong> kopii pr\u016fkazu p\u016fvodu na n\u00e1\u0161 e-mail, budeme V\u00e1m moci p\u0159ipravit kartu pacienta a vytisknou ofici\u00e1ln\u00ed certifik\u00e1ty. <strong>Cena za vy\u0161et\u0159en<\/strong>\u00ed V\u00e1m bude sd\u011blena p\u0159i domluven\u00ed term\u00ednu,  cena obsahuje zhotoven\u00ed RTG , sedaci- dle hmotnosti pacienta a druhu sedace, kanylaci a pou\u017eit\u00fd materi\u00e1l a posouzen\u00ed rtg- viz ceny n\u00ed\u017ee. <\/p>\n\n\n\n<p>Abychom V\u00e1m mohli zaslat vyhodnocen\u00ed v\u00fd\u0161e uveden\u00fdch vy\u0161et\u0159en\u00ed, je nezbytn\u00e9 <strong>uhradit poplatek<\/strong> za vyhodnocen\u00ed <strong><mark style=\"background-color:rgba(0, 0, 0, 0)\" class=\"has-inline-color has-vivid-red-color\">(viz n\u00ed\u017ee)<\/mark><\/strong> + za <strong>doporu\u010denou z\u00e1silku<\/strong>. <strong><mark style=\"background-color:rgba(0, 0, 0, 0)\" class=\"has-inline-color has-vivid-red-color\">(viz n\u00ed\u017ee).<\/mark><\/strong> <strong><mark>150K\u010d,-<\/mark><\/strong><\/p>\n\n\n\n<p class=\"has-medium-font-size\">Platby pos\u00edlejte na \u00fa\u010det:  <strong><em><mark style=\"background-color:#ff6900\" class=\"has-inline-color has-black-color\">291912914\/0300<\/mark><\/em>,<\/strong> jako <em>variabiln\u00ed symbol<\/em> uve\u010fte \u010d\u00edslo \u010dipu (p\u0159\u00edpadn\u011b tetov\u00e1n\u00ed) a do <em><strong>p<\/strong><\/em><strong><em>ozn\u00e1mky pro p\u0159\u00edjemce<\/em> uve\u010fte jm\u00e9no a p\u0159\u00edjmen\u00ed majitele.<\/strong><\/p>\n\n\n\n<p class=\"has-medium-font-size\"><strong>Poplatky POUZE za posouzen\u00ed d\u011bdi\u010dn\u00fdch onemocn\u011bn\u00ed:<\/strong><br><strong><em>DKK:<\/em> 550 K\u010d<\/strong>  <mark><strong>+ CENA ZA DOPORU\u010cEN\u00c9 ODESL\u00c1N\u00cd VYHODNOCEN\u00cd<\/strong><\/mark> <strong><mark>150K\u010d,-,-<\/mark><\/strong><br><strong><em>DLK:<\/em> 500 K\u010d<\/strong>  <mark><strong>+ CENA ZA DOPORU\u010cEN\u00c9 ODESL\u00c1N\u00cd VYHODNOCEN\u00cd<\/strong><\/mark>&nbsp;<strong><mark>150K\u010d,-<\/mark><\/strong><br><em><strong>DKK + DLK<\/strong>:<\/em> 1050 K\u010d <mark><strong>+ CENA ZA DOPORU\u010cEN\u00c9 ODESL\u00c1N\u00cd VYHODNOCEN\u00cd<\/strong><\/mark>&nbsp;<strong><mark>150K\u010d,-<\/mark><\/strong><br><strong><em>OCD:<\/em> 500<\/strong> K\u010d  <mark><strong>+ CENA ZA DOPORU\u010cEN\u00c9 ODESL\u00c1N\u00cd VYHODNOCEN\u00cd<\/strong><\/mark>&nbsp;<strong><mark>150K\u010d,-<\/mark><\/strong><br><strong><em>LTV:<\/em> 500<\/strong> K\u010d &#8211; u tohoto vy\u0161et\u0159en\u00ed je nutn\u00e9 dodr\u017eet<strong> hladovku 24 hodin  <\/strong><mark><strong>+  CENA ZA DOPORU\u010cEN\u00c9 ODESL\u00c1N\u00cd VYHODNOCEN\u00cd<\/strong><\/mark>&nbsp;<strong><mark>150K\u010d,-<\/mark><\/strong><br><strong>SA <em>spodylartr\u00f3za:<\/em> 500<\/strong> K\u010d  <mark><strong>+ CENA ZA DOPORU\u010cEN\u00c9 ODESL\u00c1N\u00cd VYHODNOCEN\u00cd<\/strong><\/mark>&nbsp;<strong><mark>150K\u010d,-<\/mark><\/strong><em><strong>luxace pately<\/strong>:<\/em> 700 K\u010d<\/p>\n\n\n\n<p class=\"has-vivid-red-color has-text-color\"><mark style=\"background-color: rgba(0, 0, 0, 0);\" class=\"has-inline-color\"><strong style=\"color: rgb(220, 32, 32);\">CENA ZA DOPORU\u010cEN\u00c9 ODESL\u00c1N\u00cd VYHODNOCEN\u00cd<\/strong><\/mark><strong>150<mark style=\"background-color:rgba(0, 0, 0, 0)\" class=\"has-inline-color has-vivid-red-color\">K\u010d,-<\/mark><\/strong><\/p>\n\n\n\n<p><strong><mark style=\"background-color:rgba(0, 0, 0, 0);color:#de2424\" class=\"has-inline-color\">Uveden\u00e9 ceny jsou pouze za posouzen\u00ed, NEZAHRNUJ\u00cd RTG zhotoven\u00ed, kanylaci a sedaci. <\/mark><\/strong><\/p>\n\n\n\n<p><strong><mark style=\"background-color:rgba(0, 0, 0, 0)\" class=\"has-inline-color has-vivid-red-color\">Vyhodnocen\u00ed<\/mark>&#8211; ofici\u00e1ln\u00ed certifik\u00e1ty odes\u00edl\u00e1me doporu\u010den\u011b na adresu majitele. <\/strong><\/p>\n\n\n\n<p><strong>Odesl\u00e1n\u00ed doporu\u010den\u00e9<mark style=\"background-color:rgba(0, 0, 0, 0)\" class=\"has-inline-color has-vivid-red-color\"> z\u00e1silky s dob\u00edrkou 150 K\u010d,<\/mark>&#8211;  Cena v\u010detn\u011b<\/strong> <strong>DPH dle sazebn\u00edku \u010cesk\u00e9 po\u0161ty <\/strong><\/p>\n\n\n\n<p>Pokud k n\u00e1m jedete na zhotoven\u00ed RTG a sou\u010dasn\u011b vyhodnocn\u00ed sn\u00edmk\u016f, celkov\u00e1 cena V\u00e1m bude sd\u011blena p\u0159i domluv\u011b term\u00ednu. <\/p>\n\n\n\n<p>A je\u0161t\u011b pro jistotu zopakujeme <strong>12 hodin hladovka<\/strong>, <strong>v  p\u0159\u00edpad\u011b vy\u0161et\u0159en\u00ed LTV hladovka 24 hodin<\/strong> .<\/p>\n\n\n\n<p>Vodu pros\u00edm pejs\u016fm neberte, p\u00edt vodu mus\u00ed! <\/p>\n\n\n\n<p><strong>Nezapome\u0148te v den RTG vz\u00edt s sebou pr\u016fkaz p\u016fvodu- neboli rodokmen.<\/strong><\/p>\n\n\n\n<p><\/p>\n","protected":false},"excerpt":{"rendered":"<p>O\u0161et\u0159en\u00ed v ordina\u010dn\u00edch hodin\u00e1ch V\u0161ichni pacienti kte\u0159\u00ed k n\u00e1m p\u0159ich\u00e1zej\u00ed na o\u0161et\u0159en\u00ed mus\u00ed b\u00fdt p\u0159edem objedn\u00e1ni. Cht\u011bli bychom p\u0159izp\u016fsobit mno\u017estv\u00ed pacient\u016f mo\u017enostem na\u0161ich l\u00e9ka\u0159\u016f a zejm\u00e9na zkr\u00e1tit dobu va\u0161eho \u010dek\u00e1n\u00ed. Ne\u017e k n\u00e1m tedy vyraz\u00edte, v\u017edy nejd\u0159\u00edve zavolejte na recepci. Na\u0161e recep\u010dn\u00ed se v\u00e1m ur\u010dit\u011b &hellip; <\/p>\n","protected":false},"author":1,"featured_media":0,"parent":0,"menu_order":0,"comment_status":"closed","ping_status":"closed","template":"","meta":[],"_links":{"self":[{"href":"https:\/\/www.veterina-live.eu\/index.php\/wp-json\/wp\/v2\/pages\/123"}],"collection":[{"href":"https:\/\/www.veterina-live.eu\/index.php\/wp-json\/wp\/v2\/pages"}],"about":[{"href":"https:\/\/www.veterina-live.eu\/index.php\/wp-json\/wp\/v2\/types\/page"}],"author":[{"embeddable":true,"href":"https:\/\/www.veterina-live.eu\/index.php\/wp-json\/wp\/v2\/users\/1"}],"replies":[{"embeddable":true,"href":"https:\/\/www.veterina-live.eu\/index.php\/wp-json\/wp\/v2\/comments?post=123"}],"version-history":[{"count":38,"href":"https:\/\/www.veterina-live.eu\/index.php\/wp-json\/wp\/v2\/pages\/123\/revisions"}],"predecessor-version":[{"id":514,"href":"https:\/\/www.veterina-live.eu\/index.php\/wp-json\/wp\/v2\/pages\/123\/revisions\/514"}],"wp:attachment":[{"href":"https:\/\/www.veterina-live.eu\/index.php\/wp-json\/wp\/v2\/media?parent=123"}],"curies":[{"name":"wp","href":"https:\/\/api.w.org\/{rel}","templated":true}]}}