{"id":19,"date":"2020-12-08T13:39:10","date_gmt":"2020-12-08T13:39:10","guid":{"rendered":"http:\/\/www.veterina-live.eu\/?page_id=19"},"modified":"2021-03-01T09:29:09","modified_gmt":"2021-03-01T09:29:09","slug":"o-nas","status":"publish","type":"page","link":"https:\/\/www.veterina-live.eu\/index.php\/o-nas\/","title":{"rendered":"Na\u0161e slu\u017eby"},"content":{"rendered":"\n<p>Na\u0161e pracovi\u0161t\u011b je zam\u011b\u0159en\u00e9 na komplexn\u00ed p\u00e9\u010di o psy, ko\u010dky, ale tak\u00e9 kr\u00e1l\u00edky, mor\u010data a dal\u0161\u00ed zv\u00ed\u0159ata. Nab\u00edz\u00edme zku\u0161en\u00fd t\u00fdm l\u00e9ka\u0159\u016f a sester a \u0161irok\u00e9 p\u0159\u00edstrojov\u00e9 vybaven\u00ed v\u010detn\u011b pln\u011b vybaven\u00e9 laborato\u0159e, CT skeneru, digit\u00e1ln\u00edho RTG, endoskopie, artroskopie, harmonick\u00e9ho kauteru a mnoha dal\u0161\u00edch p\u0159\u00edstroj\u016f.<br>Pokud to stav va\u0161eho zv\u00ed\u0159ete vy\u017eaduje, nab\u00edz\u00edme mo\u017enost celodenn\u00ed hospitalizace pacient\u016f, v\u010detn\u011b akutn\u00ed intenzivn\u00ed p\u00e9\u010de a mo\u017enosti um\u00edst\u011bn\u00ed do kysl\u00edkov\u00e9ho boxu.<br>V\u0161echna vy\u0161et\u0159en\u00ed a o\u0161et\u0159en\u00ed vy\u017eaduj\u00edc\u00ed nark\u00f3zu prov\u00e1d\u00edme v\u00fdhradn\u011b v inhala\u010dn\u00ed anestezii s pln\u00fdm monitoringem.<br>Prov\u00e1d\u00edme vy\u0161et\u0159en\u00ed na dysplazii ky\u010deln\u00edho kloubu (DKK), dysplazii loketn\u00edho kloubu (DLK) a medi\u00e1ln\u00ed luxaci pately (MPL) v\u010detn\u011b ofici\u00e1ln\u00edho vyhodnocen\u00ed. <\/p>\n\n\n\n<p><a href=\"#zakl\">Z\u00e1kladn\u00ed p\u00e9\u010de<\/a><br><a href=\"#prevent\">Preventivn\u00ed p\u00e9\u010de<\/a><br><a href=\"#dkk\">Vy\u0161et\u0159en\u00ed d\u011bdi\u010dn\u00fdch chorob pohybov\u00e9ho apar\u00e1tu<\/a><br><a href=\"#ortop\">Ortopedick\u00e1 diagnostika a terapie<\/a><br><a href=\"#anest\">Inhala\u010dn\u00ed anestezie a monitoring<\/a><\/p>\n\n\n\n<p><h3 id=\"zakl\"><strong>Z\u00e1kladn\u00ed p\u00e9\u010de<\/strong><\/h3><\/p>\n\n\n\n<p>P\u0159esto\u017ee poskytujeme specializovanou, akutn\u00ed a intenzivn\u00ed p\u00e9\u010di, m\u016f\u017eete n\u00e1s s Va\u0161\u00edm zv\u00ed\u0159etem nav\u0161t\u00edvit i p\u0159i b\u011b\u017en\u00fdch obt\u00ed\u017e\u00edch jako je zvracen\u00ed, pr\u016fjem, ka\u0161el, kulh\u00e1n\u00ed, apatie, ko\u017en\u00ed probl\u00e9my a podobn\u011b. Va\u0161e zv\u00ed\u0159e klinicky vy\u0161et\u0159\u00edme a pod\u00e1me l\u00e9ky. P\u0159\u00edpadn\u011b doporu\u010d\u00edme dal\u0161\u00ed diagnostick\u00fd postup.<br>V p\u0159\u00edpad\u011b neakutn\u00edch obt\u00ed\u017e\u00ed pros\u00edm vyu\u017e\u00edvejte p\u0159edev\u0161\u00edm b\u011b\u017en\u00e9 ordina\u010dn\u00ed hodiny. Vyhnete se tak nep\u0159\u00edjemn\u00e9mu \u010dek\u00e1n\u00ed v dob\u011b pohotovosti.<\/p>\n\n\n\n<p><h3 id=\"prevent\"><strong>Preventivn\u00ed p\u00e9\u010de<\/strong><\/h3><\/p>\n\n\n\n<p>Prevence je z\u00e1kladem k p\u0159edch\u00e1zen\u00ed mnoha chorob\u00e1m. Proto j\u00ed v\u011bnujeme n\u00e1le\u017eitou v\u00e1hu. Prevenc\u00ed nech\u00e1peme jen vakcinaci proti infek\u010dn\u00edm chorob\u00e1m a pravideln\u00e9 od\u010derven\u00ed. Mezi preventivn\u00ed z\u00e1kroky ur\u010dit\u011b \u0159ad\u00edme i kontrolu krve u ps\u016f vy\u0161\u0161\u00edho st\u0159edn\u00edho v\u011bku a ps\u016f star\u00fdch, kontrolu ob\u011bhov\u00e9ho apar\u00e1tu u stejn\u00e9 kategorie ps\u016f a u disponovan\u00fdch plemen, preventivn\u00ed RTG kost\u00ed a kloub\u016f u mlad\u00fdch ps\u016f disponovan\u00fdch plemen, preventivn\u00ed kontrolu sluchu u disponovan\u00fdch plemen, vy\u0161et\u0159en\u00ed na genetick\u00e9 choroby a pod.<\/p>\n\n\n\n<p><h3 id=\"dkk\"><strong>Vy\u0161et\u0159en\u00ed d\u011bdi\u010dn\u00fdch chorob pohybov\u00e9ho apar\u00e1tu<\/strong><\/h3><\/p>\n\n\n\n<p>Prov\u00e1d\u00edme RTG vy\u0161et\u0159en\u00ed na dysplazii ky\u010deln\u00edch kloub\u016f (DKK) a dysplazii loketn\u00edch kloub\u016f (DLK). Dr. Ji\u0159\u00ed Vom\u00e1\u010dka je certifikovan\u00fdm posuzovatelem t\u011bchto chorob a sn\u00edmky ihned vyhodnot\u00ed.<br>Prov\u00e1d\u00edme vy\u0161et\u0159en\u00ed medi\u00e1ln\u00ed luxace pately (MPL)<br>V\u00edce informac\u00ed najdete <a href=\"https:\/\/www.veterina-live.eu\/index.php\/informace-pro-pacienty\/#dkk\">zde<\/a>.<\/p>\n\n\n\n<p><\/p>\n\n\n\n<p><h3 id=\"ortop\"><strong>Ortopedick\u00e1 diagnostika a terapie<\/strong><\/h3><\/p>\n\n\n\n<p>Prov\u00e1d\u00edme diagnostiku pohybov\u00fdch obt\u00ed\u017e\u00ed. Krom\u011b ortopedick\u00e9ho a neurologick\u00e9ho vy\u0161et\u0159en\u00ed nab\u00edz\u00edme d\u016fkladnou RTG diagnostiku v sedaci, CT vy\u0161et\u0159en\u00ed kloub\u016f a p\u00e1te\u0159e a artroskopick\u00e9 vy\u0161et\u0159en\u00ed kloub\u016f.<\/p>\n\n\n\n<p>Prov\u00e1d\u00edme \u0161irokou \u0161k\u00e1lu ortopedick\u00fdch operac\u00ed a to jak fixace zlomenin \u010di vyklouben\u00ed, tak i n\u00e1hradu po\u0161kozen\u00e9ho p\u0159edn\u00edho zk\u0159\u00ed\u017een\u00e9ho vazu, luxaci \u010d\u00e9\u0161ky, ky\u010dle, korekce asymetrick\u00e9ho r\u016fstu kost\u00ed p\u0159edlokt\u00ed a dal\u0161\u00ed z\u00e1kroky.<\/p>\n\n\n\n\n\n<p><h3 id=\"stomat\"><strong>Stomatologie<\/strong><\/h3><\/p>\n\n\n\n<p>MVDr. Ji\u0159\u00ed Vom\u00e1\u010dka se dlouhodob\u011b v\u011bnuje stomatologick\u00fdm obt\u00ed\u017e\u00edm na\u0161ich pacient\u016f. Chrup Va\u0161eho zv\u00ed\u0159ete nejen n\u00e1le\u017eit\u011b vy\u0161et\u0159\u00ed, v\u010detn\u011b RTG diagnostiky a intraor\u00e1ln\u00edho RTG, p\u0159\u00edpadn\u011b CT zub\u016f a dutiny nosn\u00ed, ale tak\u00e9 navrhne terapeutick\u00fd postup a zuby o\u0161et\u0159\u00ed. <\/p>\n\n\n\n<p><h3 id=\"lab\"><strong>Laborato\u0159<\/strong><\/h3><\/p>\n\n\n\n<p>M\u00e1me skute\u010dn\u011b nadstandardn\u011b vybavenou laborato\u0159, d\u00edky \u010demu\u017e m\u016f\u017eeme prov\u00e9st nejen hematologick\u00e9 a biochemick\u00e9 vy\u0161et\u0159en\u00ed krve, ale i vy\u0161et\u0159en\u00ed krevn\u00edch plyn\u016f, \u0161irok\u00e9 spektrum iont\u016f, celkov\u00fd a voln\u00fd tyroxin, C reaktivn\u00ed protein (CRP) nebo progesteron. Vy\u0161et\u0159ujeme mo\u010d v\u010detn\u011b stanoven\u00ed hustoty a mo\u010dov\u00e9ho sedimentu, vy\u0161et\u0159ujeme kloubn\u00ed tih i mozko-m\u00ed\u0161n\u00ed mok, stanovujeme infek\u010dn\u00ed choroby jako parvovir\u00f3za, panleukopenie, FeLV, FIV a dal\u0161\u00ed choroby.<\/p>\n\n\n\n<p><h3 id=\"inhal\"><strong>Inhala\u010dn\u00ed anestezie a monitoring<\/strong><\/h3><\/p>\n\n\n\n<p>V\u0161echna m\u00edsta, kde prov\u00e1d\u00edme vy\u0161et\u0159en\u00ed \u010di z\u00e1kroky v anestezii, jsou vybavena rozvodem kysl\u00edku pro komfortn\u00ed pou\u017eit\u00ed inhala\u010dn\u00ed anestezie a p\u0159\u00edstrojov\u00fdm vybaven\u00edm pro sledov\u00e1n\u00ed nasycen\u00ed krve kysl\u00edkem, krevn\u00edch hladin CO2, monitoringem srdce, dechu a teploty. Sou\u010d\u00e1st\u00ed s\u00e1lov\u00e9ho bloku jsou i kotce pro buzen\u00ed zv\u00ed\u0159at z anestezie, aby toto prob\u00edhalo pod dozorem person\u00e1lu.<\/p>\n\n\n\n<p><\/p>\n","protected":false},"excerpt":{"rendered":"<p>Na\u0161e pracovi\u0161t\u011b je zam\u011b\u0159en\u00e9 na komplexn\u00ed p\u00e9\u010di o psy, ko\u010dky, ale tak\u00e9 kr\u00e1l\u00edky, mor\u010data a dal\u0161\u00ed zv\u00ed\u0159ata. Nab\u00edz\u00edme zku\u0161en\u00fd t\u00fdm l\u00e9ka\u0159\u016f a sester a \u0161irok\u00e9 p\u0159\u00edstrojov\u00e9 vybaven\u00ed v\u010detn\u011b pln\u011b vybaven\u00e9 laborato\u0159e, CT skeneru, digit\u00e1ln\u00edho RTG, endoskopie, artroskopie, harmonick\u00e9ho kauteru a mnoha dal\u0161\u00edch p\u0159\u00edstroj\u016f.Pokud to stav &hellip; <\/p>\n","protected":false},"author":1,"featured_media":0,"parent":0,"menu_order":0,"comment_status":"closed","ping_status":"closed","template":"","meta":[],"_links":{"self":[{"href":"https:\/\/www.veterina-live.eu\/index.php\/wp-json\/wp\/v2\/pages\/19"}],"collection":[{"href":"https:\/\/www.veterina-live.eu\/index.php\/wp-json\/wp\/v2\/pages"}],"about":[{"href":"https:\/\/www.veterina-live.eu\/index.php\/wp-json\/wp\/v2\/types\/page"}],"author":[{"embeddable":true,"href":"https:\/\/www.veterina-live.eu\/index.php\/wp-json\/wp\/v2\/users\/1"}],"replies":[{"embeddable":true,"href":"https:\/\/www.veterina-live.eu\/index.php\/wp-json\/wp\/v2\/comments?post=19"}],"version-history":[{"count":15,"href":"https:\/\/www.veterina-live.eu\/index.php\/wp-json\/wp\/v2\/pages\/19\/revisions"}],"predecessor-version":[{"id":374,"href":"https:\/\/www.veterina-live.eu\/index.php\/wp-json\/wp\/v2\/pages\/19\/revisions\/374"}],"wp:attachment":[{"href":"https:\/\/www.veterina-live.eu\/index.php\/wp-json\/wp\/v2\/media?parent=19"}],"curies":[{"name":"wp","href":"https:\/\/api.w.org\/{rel}","templated":true}]}}