{"id":20,"date":"2020-12-08T13:39:10","date_gmt":"2020-12-08T13:39:10","guid":{"rendered":"http:\/\/www.veterina-live.eu\/?page_id=20"},"modified":"2024-10-23T09:33:06","modified_gmt":"2024-10-23T08:33:06","slug":"kontakt","status":"publish","type":"page","link":"https:\/\/www.veterina-live.eu\/index.php\/kontakt\/","title":{"rendered":"Kontakt"},"content":{"rendered":"\n<p><mark style=\"background-color:rgba(0, 0, 0, 0)\" class=\"has-inline-color has-vivid-red-color\"><strong>Na ve\u0161ker\u00e9 vy\u0161et\u0159en\u00ed\/ o\u0161et\u0159en\u00ed je<\/strong> <strong>pot\u0159eba se objednat<\/strong>.<\/mark><\/p>\n\n\n\n<div class=\"wp-container-1 wp-block-group\"><div class=\"wp-block-group__inner-container\">\n<pre class=\"wp-block-preformatted\"><strong>Veterin\u00e1rn\u00ed klinika LIVE VET s.r.o.\nZelen\u00e1 1, 412 01, Litom\u011b\u0159ice<\/strong>\n<strong>GPS<\/strong> 50\u00b032\u201937.3\u2033N 14\u00b006\u201957.2\u2033E\n\n<strong>telefon:<\/strong>\n416 735 351\n739 052 321\n\n<mark style=\"background-color:rgba(0, 0, 0, 0)\" class=\"has-inline-color has-vivid-red-color\"><strong>Informujeme na\u0161e klienty<\/strong><\/mark>, \u017ee pokud se n\u00e1m nemohou dovolat, tak je to z d\u016fvodu toho, \u017ee se v\u011bnujeme pacient\u016fm, kte\u0159\u00ed jsou aktu\u00e1ln\u011b na ordinaci, na opera\u010dn\u00edm s\u00e1le nebo  na hospitalizaci.\n\n<strong><mark style=\"background-color:rgba(0, 0, 0, 0)\" class=\"has-inline-color has-vivid-red-color\">V p\u0159\u00edpad\u011b, \u017ee se nem\u016f\u017eete dovolat doporu\u010dujeme napsat e-mail<\/mark><\/strong>.\nJakmile budeme moci, tak V\u00e1m na va\u0161e dotazy zodpov\u00edme.\nD\u011bkujeme za pochopen\u00ed\n\n<strong>e-mail:<\/strong>\nlive@veterina-live.cz\n\n\n\n<strong>ordina\u010dn\u00ed hodiny:<\/strong>\nPo-P\u00e1 8,00-12,00 13,00-19,00 (12,00-13,00 poledn\u00ed pauza)\nSo-Ne (sv\u00e1tky) 9,00-13,00\npohotovost: Po-P\u00e1 7:30-8:00 18:30-22:00, So, Ne, sv\u00e1tky 8:00-18:00\n\n<strong>I\u010cO:<\/strong> 08642109\n<strong>DI\u010c:<\/strong> CZ08642109\n\n<strong>bankovn\u00ed spojen\u00ed:<\/strong>\n291912914\/0300\n\ninformace pro pacienty k vy\u0161et\u0159en\u00ed DKK, DLK, OCD, LTV,\nspondylartr\u00f3zy a luxace pately najdete <a href=\"https:\/\/www.veterina-live.eu\/index.php\/informace-pro-pacienty\/#dkk\">zde<\/a>\n<\/pre>\n<\/div><\/div>\n\n\n\n<p><\/p>\n","protected":false},"excerpt":{"rendered":"<p>Na ve\u0161ker\u00e9 vy\u0161et\u0159en\u00ed\/ o\u0161et\u0159en\u00ed je pot\u0159eba se objednat. Veterin\u00e1rn\u00ed klinika LIVE VET s.r.o. Zelen\u00e1 1, 412 01, Litom\u011b\u0159ice GPS 50\u00b032\u201937.3\u2033N 14\u00b006\u201957.2\u2033E telefon: 416 735 351 739 052 321 Informujeme na\u0161e klienty, \u017ee pokud se n\u00e1m nemohou dovolat, tak je to z d\u016fvodu toho, \u017ee se &hellip; <\/p>\n","protected":false},"author":1,"featured_media":0,"parent":0,"menu_order":0,"comment_status":"closed","ping_status":"closed","template":"","meta":[],"_links":{"self":[{"href":"https:\/\/www.veterina-live.eu\/index.php\/wp-json\/wp\/v2\/pages\/20"}],"collection":[{"href":"https:\/\/www.veterina-live.eu\/index.php\/wp-json\/wp\/v2\/pages"}],"about":[{"href":"https:\/\/www.veterina-live.eu\/index.php\/wp-json\/wp\/v2\/types\/page"}],"author":[{"embeddable":true,"href":"https:\/\/www.veterina-live.eu\/index.php\/wp-json\/wp\/v2\/users\/1"}],"replies":[{"embeddable":true,"href":"https:\/\/www.veterina-live.eu\/index.php\/wp-json\/wp\/v2\/comments?post=20"}],"version-history":[{"count":17,"href":"https:\/\/www.veterina-live.eu\/index.php\/wp-json\/wp\/v2\/pages\/20\/revisions"}],"predecessor-version":[{"id":495,"href":"https:\/\/www.veterina-live.eu\/index.php\/wp-json\/wp\/v2\/pages\/20\/revisions\/495"}],"wp:attachment":[{"href":"https:\/\/www.veterina-live.eu\/index.php\/wp-json\/wp\/v2\/media?parent=20"}],"curies":[{"name":"wp","href":"https:\/\/api.w.org\/{rel}","templated":true}]}}